{"id":992,"date":"2021-03-09T15:44:20","date_gmt":"2021-03-09T14:44:20","guid":{"rendered":"https:\/\/www.ifzw-impulsstiftung.de\/?page_id=992"},"modified":"2022-02-08T21:53:19","modified_gmt":"2022-02-08T20:53:19","slug":"spenden","status":"publish","type":"page","link":"https:\/\/www.ifzw-impulsstiftung.de\/en\/spenden\/","title":{"rendered":"donations"},"content":{"rendered":"\t\t<div data-elementor-type=\"wp-page\" data-elementor-id=\"992\" class=\"elementor elementor-992\" data-elementor-settings=\"{&quot;enable_dceScrolling&quot;:&quot;yes&quot;,&quot;interstitialSection&quot;:&quot;header, footer&quot;,&quot;enable_scrollify&quot;:&quot;yes&quot;,&quot;responsive_snapScroll&quot;:[&quot;desktop&quot;,&quot;tablet&quot;],&quot;scroll_id_page&quot;:992,&quot;scrollSpeed&quot;:{&quot;unit&quot;:&quot;px&quot;,&quot;size&quot;:1000,&quot;sizes&quot;:[]},&quot;offset&quot;:{&quot;unit&quot;:&quot;px&quot;,&quot;size&quot;:0,&quot;sizes&quot;:[]},&quot;setHeights&quot;:&quot;yes&quot;,&quot;scrollBars&quot;:&quot;yes&quot;,&quot;touchScroll&quot;:&quot;yes&quot;}\" data-elementor-post-type=\"page\">\n\t\t\t\t\t\t<section class=\"has_eae_slider elementor-section elementor-top-section elementor-element elementor-element-b3a0929 elementor-section-height-full child elementor-section-items-top elementor-reverse-mobile elementor-section-boxed elementor-section-height-default\" data-eae-slider=\"18151\" data-id=\"b3a0929\" data-element_type=\"section\" data-e-type=\"section\" data-settings=\"{&quot;background_background&quot;:&quot;classic&quot;}\">\n\t\t\t\t\t\t<div class=\"elementor-container elementor-column-gap-default\">\n\t\t\t\t\t<div class=\"has_eae_slider elementor-column elementor-col-50 elementor-top-column elementor-element elementor-element-ba26c5c\" data-eae-slider=\"15867\" data-id=\"ba26c5c\" data-element_type=\"column\" data-e-type=\"column\">\n\t\t\t<div class=\"elementor-widget-wrap elementor-element-populated\">\n\t\t\t\t\t\t<div class=\"elementor-element elementor-element-bee7470 elementor-widget__width-initial elementor-widget elementor-widget-heading\" data-id=\"bee7470\" data-element_type=\"widget\" data-e-type=\"widget\" data-widget_type=\"heading.default\">\n\t\t\t\t<div class=\"elementor-widget-container\">\n\t\t\t\t\t<h2 class=\"elementor-heading-title elementor-size-default\">Menschen vernetzen, Jugend ermutigen, Werte erhalten und Visionen entwickeln \u2013 damit diese Worte keine H\u00fclsen bleiben, braucht es Menschen, die Tatkraft zeigen.<\/h2>\t\t\t\t<\/div>\n\t\t\t\t<\/div>\n\t\t\t\t<div class=\"elementor-element elementor-element-ad312c5 elementor-widget-divider--view-line elementor-widget elementor-widget-divider\" data-id=\"ad312c5\" data-element_type=\"widget\" data-e-type=\"widget\" data-widget_type=\"divider.default\">\n\t\t\t\t<div class=\"elementor-widget-container\">\n\t\t\t\t\t\t\t<div class=\"elementor-divider\">\n\t\t\t<span class=\"elementor-divider-separator\">\n\t\t\t\t\t\t<\/span>\n\t\t<\/div>\n\t\t\t\t\t\t<\/div>\n\t\t\t\t<\/div>\n\t\t\t\t<div class=\"elementor-element elementor-element-eae7057 elementor-widget elementor-widget-text-editor\" data-id=\"eae7057\" data-element_type=\"widget\" data-e-type=\"widget\" data-widget_type=\"text-editor.default\">\n\t\t\t\t<div class=\"elementor-widget-container\">\n\t\t\t\t\t\t\t\t\t<p>Unsere hochgesteckten Ziele k\u00f6nnen wir nur verwirklichen, wenn wir durch alle Projekte, die unsere Stiftungst\u00e4tigkeit pr\u00e4gen, auf eine verantwortungsbewusste Gesellschaft hinarbeiten. Der Gedanke der Nachhaltigkeit ist dabei besonders wichtig, denn er konzentriert sich darauf, die Bed\u00fcrfnisse der Gegenwart zu befriedigen, ohne den Lebensraum und die nat\u00fcrliche Umwelt der k\u00fcnftigen Generation zu gef\u00e4hrden.<\/p><p>Die ifzw impulsstiftung zu unterst\u00fctzen, bedeutet innovative Zukunftsprogramme zu begleiten und aktiv den Schutz von Mensch, Tier, Pflanze, Wasser, Boden und Luft voranzubringen \u2013 f\u00fcr die Region Zwickau, das Land Sachsen und \u00fcber alle Landesgrenzen und Nationalit\u00e4ten hinweg. Wir haben schlie\u00dflich keine zweite Erde.<\/p><p>Daniela Otto,<br \/>ifzw impulsstiftung<\/p>\t\t\t\t\t\t\t\t<\/div>\n\t\t\t\t<\/div>\n\t\t\t\t\t<\/div>\n\t\t<\/div>\n\t\t\t\t<div class=\"has_eae_slider elementor-column elementor-col-50 elementor-top-column elementor-element elementor-element-69f3230\" data-eae-slider=\"67177\" data-id=\"69f3230\" data-element_type=\"column\" data-e-type=\"column\">\n\t\t\t<div class=\"elementor-widget-wrap elementor-element-populated\">\n\t\t\t\t\t\t<div class=\"elementor-element elementor-element-37b1b3d dce_masking-none elementor-widget elementor-widget-image\" data-id=\"37b1b3d\" data-element_type=\"widget\" data-e-type=\"widget\" data-widget_type=\"image.default\">\n\t\t\t\t<div class=\"elementor-widget-container\">\n\t\t\t\t\t\t\t\t\t\t\t\t\t\t\t<img fetchpriority=\"high\" decoding=\"async\" width=\"800\" height=\"800\" src=\"https:\/\/www.ifzw-impulsstiftung.de\/wp-content\/uploads\/2021\/03\/MKR_0099-Bearbeitet.jpg\" class=\"attachment-large size-large wp-image-1668\" alt=\"\" srcset=\"https:\/\/www.ifzw-impulsstiftung.de\/wp-content\/uploads\/2021\/03\/MKR_0099-Bearbeitet.jpg 800w, https:\/\/www.ifzw-impulsstiftung.de\/wp-content\/uploads\/2021\/03\/MKR_0099-Bearbeitet-300x300.jpg 300w, https:\/\/www.ifzw-impulsstiftung.de\/wp-content\/uploads\/2021\/03\/MKR_0099-Bearbeitet-150x150.jpg 150w, https:\/\/www.ifzw-impulsstiftung.de\/wp-content\/uploads\/2021\/03\/MKR_0099-Bearbeitet-768x768.jpg 768w\" sizes=\"(max-width: 800px) 100vw, 800px\" \/>\t\t\t\t\t\t\t\t\t\t\t\t\t\t\t<\/div>\n\t\t\t\t<\/div>\n\t\t\t\t<div class=\"elementor-element elementor-element-917e830 elementor-absolute rotate elementor-hidden-phone elementor-widget elementor-widget-text-editor\" data-id=\"917e830\" data-element_type=\"widget\" data-e-type=\"widget\" data-settings=\"{&quot;_position&quot;:&quot;absolute&quot;}\" data-widget_type=\"text-editor.default\">\n\t\t\t\t<div class=\"elementor-widget-container\">\n\t\t\t\t\t\t\t\t\t<p>SPENDEN \/\/<\/p>\t\t\t\t\t\t\t\t<\/div>\n\t\t\t\t<\/div>\n\t\t\t\t\t<\/div>\n\t\t<\/div>\n\t\t\t\t\t<\/div>\n\t\t<\/section>\n\t\t\t\t<section class=\"has_eae_slider elementor-section elementor-top-section elementor-element elementor-element-91088d0 elementor-section-height-min-height child elementor-section-items-top elementor-section-boxed elementor-section-height-default\" data-eae-slider=\"34745\" data-id=\"91088d0\" data-element_type=\"section\" data-e-type=\"section\" data-settings=\"{&quot;background_background&quot;:&quot;classic&quot;}\">\n\t\t\t\t\t\t<div class=\"elementor-container elementor-column-gap-default\">\n\t\t\t\t\t<div class=\"has_eae_slider elementor-column elementor-col-50 elementor-top-column elementor-element elementor-element-532ce06\" data-eae-slider=\"35766\" data-id=\"532ce06\" data-element_type=\"column\" data-e-type=\"column\">\n\t\t\t<div class=\"elementor-widget-wrap elementor-element-populated\">\n\t\t\t\t\t\t<div class=\"elementor-element elementor-element-0c0d793 elementor-widget__width-initial elementor-absolute elementor-widget elementor-widget-spacer\" data-id=\"0c0d793\" data-element_type=\"widget\" data-e-type=\"widget\" data-settings=\"{&quot;_position&quot;:&quot;absolute&quot;}\" data-widget_type=\"spacer.default\">\n\t\t\t\t<div class=\"elementor-widget-container\">\n\t\t\t\t\t\t\t<div class=\"elementor-spacer\">\n\t\t\t<div class=\"elementor-spacer-inner\"><\/div>\n\t\t<\/div>\n\t\t\t\t\t\t<\/div>\n\t\t\t\t<\/div>\n\t\t\t\t<div class=\"elementor-element elementor-element-9b1bd32 elementor-widget__width-initial elementor-absolute elementor-widget elementor-widget-spacer\" data-id=\"9b1bd32\" data-element_type=\"widget\" data-e-type=\"widget\" data-settings=\"{&quot;_position&quot;:&quot;absolute&quot;}\" data-widget_type=\"spacer.default\">\n\t\t\t\t<div class=\"elementor-widget-container\">\n\t\t\t\t\t\t\t<div class=\"elementor-spacer\">\n\t\t\t<div class=\"elementor-spacer-inner\"><\/div>\n\t\t<\/div>\n\t\t\t\t\t\t<\/div>\n\t\t\t\t<\/div>\n\t\t\t\t<div class=\"elementor-element elementor-element-c2bd296 elementor-absolute elementor-widget elementor-widget-heading\" data-id=\"c2bd296\" data-element_type=\"widget\" data-e-type=\"widget\" data-settings=\"{&quot;_position&quot;:&quot;absolute&quot;}\" data-widget_type=\"heading.default\">\n\t\t\t\t<div class=\"elementor-widget-container\">\n\t\t\t\t\t<h2 class=\"elementor-heading-title elementor-size-default\">Sie m\u00f6chten<br>\n unsere Arbeit<br>\nunterst\u00fctzen?<\/h2>\t\t\t\t<\/div>\n\t\t\t\t<\/div>\n\t\t\t\t<div class=\"elementor-element elementor-element-9b7fabc elementor-widget__width-initial elementor-absolute elementor-widget elementor-widget-heading\" data-id=\"9b7fabc\" data-element_type=\"widget\" data-e-type=\"widget\" data-settings=\"{&quot;_position&quot;:&quot;absolute&quot;}\" data-widget_type=\"heading.default\">\n\t\t\t\t<div class=\"elementor-widget-container\">\n\t\t\t\t\t<h2 class=\"elementor-heading-title elementor-size-default\">IBAN: DE 3287 0550 0022 4202 8670\nKonto: 224 202 8670<br>\nBLZ: 870 550 00<\/h2>\t\t\t\t<\/div>\n\t\t\t\t<\/div>\n\t\t\t\t<div class=\"elementor-element elementor-element-eeb61b8 elementor-widget__width-initial elementor-absolute elementor-widget elementor-widget-heading\" data-id=\"eeb61b8\" data-element_type=\"widget\" data-e-type=\"widget\" data-settings=\"{&quot;_position&quot;:&quot;absolute&quot;}\" data-widget_type=\"heading.default\">\n\t\t\t\t<div class=\"elementor-widget-container\">\n\t\t\t\t\t<h2 class=\"elementor-heading-title elementor-size-default\">Spendenkonto<\/h2>\t\t\t\t<\/div>\n\t\t\t\t<\/div>\n\t\t\t\t<div class=\"elementor-element elementor-element-3569d2b elementor-widget__width-initial elementor-absolute elementor-widget elementor-widget-heading\" data-id=\"3569d2b\" data-element_type=\"widget\" data-e-type=\"widget\" data-settings=\"{&quot;_position&quot;:&quot;absolute&quot;}\" data-widget_type=\"heading.default\">\n\t\t\t\t<div class=\"elementor-widget-container\">\n\t\t\t\t\t<h2 class=\"elementor-heading-title elementor-size-default\">Sparkasse Zwickau\n<\/h2>\t\t\t\t<\/div>\n\t\t\t\t<\/div>\n\t\t\t\t<div class=\"elementor-element elementor-element-03ac708 elementor-absolute rotate elementor-hidden-phone elementor-widget elementor-widget-text-editor\" data-id=\"03ac708\" data-element_type=\"widget\" data-e-type=\"widget\" data-settings=\"{&quot;_position&quot;:&quot;absolute&quot;}\" data-widget_type=\"text-editor.default\">\n\t\t\t\t<div class=\"elementor-widget-container\">\n\t\t\t\t\t\t\t\t\t<p>SPENDEN \/\/ JETZT SPENDEN<\/p>\t\t\t\t\t\t\t\t<\/div>\n\t\t\t\t<\/div>\n\t\t\t\t\t<\/div>\n\t\t<\/div>\n\t\t\t\t<div class=\"has_eae_slider elementor-column elementor-col-50 elementor-top-column elementor-element elementor-element-9c6eab0\" data-eae-slider=\"98105\" data-id=\"9c6eab0\" data-element_type=\"column\" data-e-type=\"column\">\n\t\t\t<div class=\"elementor-widget-wrap elementor-element-populated\">\n\t\t\t\t\t\t<div class=\"elementor-element elementor-element-0bc0cfb elementor-widget__width-initial elementor-absolute elementor-widget-divider--view-line elementor-widget elementor-widget-divider\" data-id=\"0bc0cfb\" data-element_type=\"widget\" data-e-type=\"widget\" data-settings=\"{&quot;_position&quot;:&quot;absolute&quot;}\" data-widget_type=\"divider.default\">\n\t\t\t\t<div class=\"elementor-widget-container\">\n\t\t\t\t\t\t\t<div class=\"elementor-divider\">\n\t\t\t<span class=\"elementor-divider-separator\">\n\t\t\t\t\t\t<\/span>\n\t\t<\/div>\n\t\t\t\t\t\t<\/div>\n\t\t\t\t<\/div>\n\t\t\t\t<div class=\"elementor-element elementor-element-866496a elementor-widget-divider--view-line elementor-widget elementor-widget-divider\" data-id=\"866496a\" data-element_type=\"widget\" data-e-type=\"widget\" data-widget_type=\"divider.default\">\n\t\t\t\t<div class=\"elementor-widget-container\">\n\t\t\t\t\t\t\t<div class=\"elementor-divider\">\n\t\t\t<span class=\"elementor-divider-separator\">\n\t\t\t\t\t\t<\/span>\n\t\t<\/div>\n\t\t\t\t\t\t<\/div>\n\t\t\t\t<\/div>\n\t\t\t\t<div class=\"elementor-element elementor-element-ef841cf elementor-widget__width-initial elementor-widget elementor-widget-text-editor\" data-id=\"ef841cf\" data-element_type=\"widget\" data-e-type=\"widget\" data-widget_type=\"text-editor.default\">\n\t\t\t\t<div class=\"elementor-widget-container\">\n\t\t\t\t\t\t\t\t\t<p>Die ifzw impulsstiftung ist durch das Finanzamt Zwickau-Stadt, gem\u00e4\u00df dem Freistellungsbescheid vom 15.03.2011, als steuerbeg\u00fcnstigt anerkannt.<\/p>\t\t\t\t\t\t\t\t<\/div>\n\t\t\t\t<\/div>\n\t\t\t\t<div class=\"elementor-element elementor-element-63bf96b elementor-widget__width-initial elementor-widget elementor-widget-text-editor\" data-id=\"63bf96b\" data-element_type=\"widget\" data-e-type=\"widget\" data-widget_type=\"text-editor.default\">\n\t\t\t\t<div class=\"elementor-widget-container\">\n\t\t\t\t\t\t\t\t\t<p>M\u00f6gliche finanzielle Zuwendungen f\u00fcr unsere Arbeit sind Spenden, die unmittelbar die Mittel f\u00fcr unsere Arbeit verst\u00e4rken sowie Zustiftungen, die das Stiftungskapital verst\u00e4rken, aus dessen Ertr\u00e4gen unsere Arbeit finanziert wird.<\/p><p>Themen, die ebenfalls f\u00fcr Sie von Interesse sein k\u00f6nnen, sind Zuwendungen durch letztwillige Verf\u00fcgungen; die Einrichtung von Fonds, die Ihren Namen tragen k\u00f6nnen; ggfs. auch Sachspenden.<\/p><p>Bitte sprechen Sie uns an, wir stehen Ihnen gerne f\u00fcr ein pers\u00f6nliches Gespr\u00e4ch zur Verf\u00fcgung um Ihnen die verschiedenen M\u00f6glichkeiten unsere Arbeit zu unterst\u00fctzen und stehen Ihnen gerne f\u00fcr ein pers\u00f6nliches Gespr\u00e4ch zur Verf\u00fcgung.<\/p>\t\t\t\t\t\t\t\t<\/div>\n\t\t\t\t<\/div>\n\t\t\t\t\t<\/div>\n\t\t<\/div>\n\t\t\t\t\t<\/div>\n\t\t<\/section>\n\t\t\t\t<\/div>\n\t\t","protected":false},"excerpt":{"rendered":"<p>Menschen vernetzen, Jugend ermutigen, Werte erhalten und Visionen entwickeln \u2013 damit diese Worte keine H\u00fclsen bleiben, braucht es Menschen, die Tatkraft zeigen. Unsere hochgesteckten Ziele k\u00f6nnen wir nur verwirklichen, wenn wir durch alle Projekte, die unsere Stiftungst\u00e4tigkeit pr\u00e4gen, auf eine verantwortungsbewusste Gesellschaft hinarbeiten. Der Gedanke der Nachhaltigkeit ist dabei besonders wichtig, denn er konzentriert sich [&hellip;]<\/p>\n","protected":false},"author":1,"featured_media":7706,"parent":0,"menu_order":0,"comment_status":"closed","ping_status":"closed","template":"","meta":{"footnotes":""},"class_list":["post-992","page","type-page","status-publish","has-post-thumbnail","hentry"],"_links":{"self":[{"href":"https:\/\/www.ifzw-impulsstiftung.de\/en\/wp-json\/wp\/v2\/pages\/992","targetHints":{"allow":["GET"]}}],"collection":[{"href":"https:\/\/www.ifzw-impulsstiftung.de\/en\/wp-json\/wp\/v2\/pages"}],"about":[{"href":"https:\/\/www.ifzw-impulsstiftung.de\/en\/wp-json\/wp\/v2\/types\/page"}],"author":[{"embeddable":true,"href":"https:\/\/www.ifzw-impulsstiftung.de\/en\/wp-json\/wp\/v2\/users\/1"}],"replies":[{"embeddable":true,"href":"https:\/\/www.ifzw-impulsstiftung.de\/en\/wp-json\/wp\/v2\/comments?post=992"}],"version-history":[{"count":0,"href":"https:\/\/www.ifzw-impulsstiftung.de\/en\/wp-json\/wp\/v2\/pages\/992\/revisions"}],"wp:featuredmedia":[{"embeddable":true,"href":"https:\/\/www.ifzw-impulsstiftung.de\/en\/wp-json\/wp\/v2\/media\/7706"}],"wp:attachment":[{"href":"https:\/\/www.ifzw-impulsstiftung.de\/en\/wp-json\/wp\/v2\/media?parent=992"}],"curies":[{"name":"wp","href":"https:\/\/api.w.org\/{rel}","templated":true}]}}