{"id":1274,"date":"2021-03-10T18:43:39","date_gmt":"2021-03-10T17:43:39","guid":{"rendered":"https:\/\/www.ifzw-impulsstiftung.de\/?page_id=1274"},"modified":"2022-08-16T15:28:24","modified_gmt":"2022-08-16T13:28:24","slug":"start","status":"publish","type":"page","link":"https:\/\/www.ifzw-impulsstiftung.de\/en\/","title":{"rendered":"Start"},"content":{"rendered":"\t\t<div data-elementor-type=\"wp-page\" data-elementor-id=\"1274\" class=\"elementor elementor-1274\" data-elementor-settings=\"{&quot;enable_dceScrolling&quot;:&quot;yes&quot;,&quot;enable_scrollify&quot;:&quot;yes&quot;,&quot;responsive_snapScroll&quot;:[&quot;desktop&quot;,&quot;tablet&quot;],&quot;scroll_id_page&quot;:1274,&quot;scrollSpeed&quot;:{&quot;unit&quot;:&quot;px&quot;,&quot;size&quot;:1000,&quot;sizes&quot;:[]},&quot;offset&quot;:{&quot;unit&quot;:&quot;px&quot;,&quot;size&quot;:0,&quot;sizes&quot;:[]}}\" data-elementor-post-type=\"page\">\n\t\t\t\t\t\t<section class=\"has_eae_slider elementor-section elementor-top-section elementor-element elementor-element-958852b elementor-section-height-full elementor-section-items-top elementor-hidden-tablet elementor-hidden-phone elementor-section-boxed elementor-section-height-default\" data-eae-slider=\"67338\" data-dce-background-overlay-color=\"#FCDD4900\" data-id=\"958852b\" data-element_type=\"section\" data-e-type=\"section\">\n\t\t\t\t\t\t\t<div class=\"elementor-background-overlay\"><\/div>\n\t\t\t\t\t\t\t<div class=\"elementor-container elementor-column-gap-default\">\n\t\t\t\t\t<div class=\"has_eae_slider elementor-column elementor-col-100 elementor-top-column elementor-element elementor-element-28ec0e7\" data-eae-slider=\"1142\" data-id=\"28ec0e7\" data-element_type=\"column\" data-e-type=\"column\">\n\t\t\t<div class=\"elementor-widget-wrap elementor-element-populated\">\n\t\t\t\t\t\t<div class=\"elementor-element elementor-element-be756c0 dce_masking-none elementor-widget elementor-widget-image\" data-id=\"be756c0\" data-element_type=\"widget\" data-e-type=\"widget\" data-widget_type=\"image.default\">\n\t\t\t\t<div class=\"elementor-widget-container\">\n\t\t\t\t\t<div class=\"dce-animations\">\t\t\t\t\t\t\t\t\t\t<img decoding=\"async\" src=\"https:\/\/www.ifzw-impulsstiftung.de\/wp-content\/uploads\/elementor\/thumbs\/Marke-Icon-qohbb5xaon3oz7xlz6lm90e3ut9sb41p7ehwu6h10w.png\" title=\"Marke-Icon\" alt=\"Marke-Icon\" loading=\"lazy\" \/>\t\t\t\t\t\t\t\t\t\t\t<\/div>\t\t\t\t<\/div>\n\t\t\t\t<\/div>\n\t\t\t\t<div class=\"elementor-element elementor-element-ed2bb01 animated-slow elementor-absolute elementor-invisible elementor-widget elementor-widget-premium-addon-image-separator\" data-id=\"ed2bb01\" data-element_type=\"widget\" data-e-type=\"widget\" data-settings=\"{&quot;_animation&quot;:&quot;fadeIn&quot;,&quot;_position&quot;:&quot;absolute&quot;,&quot;_animation_delay&quot;:10000}\" data-widget_type=\"premium-addon-image-separator.default\">\n\t\t\t\t<div class=\"elementor-widget-container\">\n\t\t\t\t\t\n\t<div class=\"premium-image-separator-container\">\n\t\t<i class=\"premium-svg-nodraw premium-drawable-icon fas fa-circle\" aria-hidden=\"true\"><\/i>\t\t\n\t\t\t<\/div>\n\t\t\t\t\t\t<\/div>\n\t\t\t\t<\/div>\n\t\t\t\t<div class=\"elementor-element elementor-element-63ae17c animated-slow elementor-widget__width-initial elementor-absolute elementor-invisible elementor-widget elementor-widget-text-editor\" data-id=\"63ae17c\" data-element_type=\"widget\" data-e-type=\"widget\" data-settings=\"{&quot;_animation&quot;:&quot;fadeIn&quot;,&quot;_animation_delay&quot;:12000,&quot;_position&quot;:&quot;absolute&quot;}\" data-widget_type=\"text-editor.default\">\n\t\t\t\t<div class=\"elementor-widget-container\">\n\t\t\t\t\t\t\t\t\t<h6>Impulse \u00fcbertragen Energie, sie sind richtungsweisend und setzen Prozesse in Gang. Genau das ist unser Anliegen.<\/h6><p>Mit der ifzw impulsstiftung m\u00f6chten wir Information, Kooperation und Entwicklung anbieten. Vor allem aber: Impulse geben f\u00fcr nachhaltige Ver\u00e4nderungen um aktiv und gemeinsam mit der Jugend eine fortschrittliche Gesellschaft zu erm\u00f6glichen.<\/p><p>dieter zahn<\/p><p>stifter<\/p>\t\t\t\t\t\t\t\t<\/div>\n\t\t\t\t<\/div>\n\t\t\t\t<div class=\"elementor-element elementor-element-2dbf079 animated-slow elementor-absolute dce_masking-none elementor-invisible elementor-widget elementor-widget-image\" data-id=\"2dbf079\" data-element_type=\"widget\" data-e-type=\"widget\" data-settings=\"{&quot;_animation&quot;:&quot;fadeIn&quot;,&quot;_animation_delay&quot;:9000,&quot;_position&quot;:&quot;absolute&quot;}\" data-widget_type=\"image.default\">\n\t\t\t\t<div class=\"elementor-widget-container\">\n\t\t\t\t\t<style>.elementor-element-2dbf079{display:none !important}<\/style>\t\t\t\t<\/div>\n\t\t\t\t<\/div>\n\t\t\t\t<div class=\"elementor-element elementor-element-80756e2 animated-slow elementor-absolute dce_masking-none elementor-invisible elementor-widget elementor-widget-image\" data-id=\"80756e2\" data-element_type=\"widget\" data-e-type=\"widget\" data-settings=\"{&quot;_animation&quot;:&quot;fadeIn&quot;,&quot;_animation_delay&quot;:9000,&quot;_position&quot;:&quot;absolute&quot;}\" data-no-translation=\"\" data-widget_type=\"image.default\">\n\t\t\t\t<div class=\"elementor-widget-container\">\n\t\t\t\t\t\t\t\t\t\t\t\t\t\t\t<img decoding=\"async\" src=\"https:\/\/www.ifzw-impulsstiftung.de\/wp-content\/uploads\/elementor\/thumbs\/Intro-Text-Kreis-Weiss-EN-qohbbbk7nntvnak7ut1jnbr98pu4hfmsg4iak6weng.png\" title=\"Intro-Text-Kreis-Weiss-EN\" alt=\"Intro-Text-Kreis-Weiss-EN\" loading=\"lazy\" \/>\t\t\t\t\t\t\t\t\t\t\t\t\t\t\t<\/div>\n\t\t\t\t<\/div>\n\t\t\t\t<div class=\"elementor-element elementor-element-2b7e093 animated-slow elementor-absolute elementor-widget elementor-widget-premium-addon-image-separator\" data-id=\"2b7e093\" data-element_type=\"widget\" data-e-type=\"widget\" data-settings=\"{&quot;_animation&quot;:&quot;none&quot;,&quot;_position&quot;:&quot;absolute&quot;,&quot;_animation_delay&quot;:10000}\" data-widget_type=\"premium-addon-image-separator.default\">\n\t\t\t\t<div class=\"elementor-widget-container\">\n\t\t\t\t\t<div class=\"dce-animations\">\n\t<div class=\"premium-image-separator-container\">\n\t\t<i class=\"premium-svg-nodraw premium-drawable-icon fas fa-circle\" aria-hidden=\"true\"><\/i>\t\t\n\t\t\t<\/div>\n\t\t<\/div>\t\t\t\t<\/div>\n\t\t\t\t<\/div>\n\t\t\t\t<div class=\"elementor-element elementor-element-3afeea7 animated-slow elementor-absolute elementor-widget elementor-widget-premium-addon-image-separator\" data-id=\"3afeea7\" data-element_type=\"widget\" data-e-type=\"widget\" data-settings=\"{&quot;_animation&quot;:&quot;none&quot;,&quot;_position&quot;:&quot;absolute&quot;,&quot;_animation_delay&quot;:0}\" data-widget_type=\"premium-addon-image-separator.default\">\n\t\t\t\t<div class=\"elementor-widget-container\">\n\t\t\t\t\t<div class=\"dce-animations\">\n\t<div class=\"premium-image-separator-container\">\n\t\t<i class=\"premium-svg-nodraw premium-drawable-icon fas fa-circle\" aria-hidden=\"true\"><\/i>\t\t\n\t\t\t<\/div>\n\t\t<\/div>\t\t\t\t<\/div>\n\t\t\t\t<\/div>\n\t\t\t\t<div class=\"elementor-element elementor-element-c44c13a elementor-absolute elementor-invisible elementor-widget elementor-widget-premium-addon-image-separator\" data-id=\"c44c13a\" data-element_type=\"widget\" data-e-type=\"widget\" data-settings=\"{&quot;_animation&quot;:&quot;fadeIn&quot;,&quot;_animation_delay&quot;:6000,&quot;_position&quot;:&quot;absolute&quot;}\" data-no-translation=\"\" data-widget_type=\"premium-addon-image-separator.default\">\n\t\t\t\t<div class=\"elementor-widget-container\">\n\t\t\t\t\t<style>.elementor-element-c44c13a{display:none !important}<\/style>\t\t\t\t<\/div>\n\t\t\t\t<\/div>\n\t\t\t\t<div class=\"elementor-element elementor-element-6e87bf8 elementor-absolute elementor-invisible elementor-widget elementor-widget-premium-addon-image-separator\" data-id=\"6e87bf8\" data-element_type=\"widget\" data-e-type=\"widget\" data-settings=\"{&quot;_animation&quot;:&quot;fadeIn&quot;,&quot;_animation_delay&quot;:6000,&quot;_position&quot;:&quot;absolute&quot;}\" data-no-translation=\"\" data-widget_type=\"premium-addon-image-separator.default\">\n\t\t\t\t<div class=\"elementor-widget-container\">\n\t\t\t\t\t\n\t<div class=\"premium-image-separator-container\">\n\t\t\t\t\t<img decoding=\"async\" src=\"https:\/\/www.ifzw-impulsstiftung.de\/wp-content\/uploads\/2021\/04\/Intro-Text-EN.png\" alt=\"Intro-Text-EN\">\n\t\t\t\n\t\t\t<\/div>\n\t\t\t\t\t\t<\/div>\n\t\t\t\t<\/div>\n\t\t\t\t\t<\/div>\n\t\t<\/div>\n\t\t\t\t\t<\/div>\n\t\t<\/section>\n\t\t\t\t<section class=\"has_eae_slider elementor-section elementor-top-section elementor-element elementor-element-cb205c3 elementor-section-height-min-height elementor-section-items-top elementor-hidden-desktop elementor-hidden-tablet elementor-section-boxed elementor-section-height-default elementor-invisible\" data-eae-slider=\"34643\" data-dce-background-overlay-color=\"#FCDD4900\" data-id=\"cb205c3\" data-element_type=\"section\" data-e-type=\"section\" data-settings=\"{&quot;background_background&quot;:&quot;classic&quot;,&quot;animation&quot;:&quot;fadeIn&quot;,&quot;animation_delay&quot;:1000}\">\n\t\t\t\t\t\t\t<div class=\"elementor-background-overlay\"><\/div>\n\t\t\t\t\t\t\t<div class=\"elementor-container elementor-column-gap-default\">\n\t\t\t\t\t<div class=\"has_eae_slider elementor-column elementor-col-100 elementor-top-column elementor-element elementor-element-12bf973\" data-eae-slider=\"780\" data-id=\"12bf973\" data-element_type=\"column\" data-e-type=\"column\">\n\t\t\t<div class=\"elementor-widget-wrap elementor-element-populated\">\n\t\t\t\t\t\t<div class=\"elementor-element elementor-element-1e61f12 animated-slow elementor-absolute elementor-invisible elementor-widget elementor-widget-premium-addon-image-separator\" data-id=\"1e61f12\" data-element_type=\"widget\" data-e-type=\"widget\" data-settings=\"{&quot;_animation&quot;:&quot;fadeIn&quot;,&quot;_position&quot;:&quot;absolute&quot;,&quot;_animation_delay&quot;:5000}\" data-widget_type=\"premium-addon-image-separator.default\">\n\t\t\t\t<div class=\"elementor-widget-container\">\n\t\t\t\t\t\n\t<div class=\"premium-image-separator-container\">\n\t\t<i class=\"premium-svg-nodraw premium-drawable-icon fas fa-circle\" aria-hidden=\"true\"><\/i>\t\t\n\t\t\t<\/div>\n\t\t\t\t\t\t<\/div>\n\t\t\t\t<\/div>\n\t\t\t\t<div class=\"elementor-element elementor-element-a4de7c4 animated-slow elementor-widget__width-initial elementor-absolute elementor-invisible elementor-widget elementor-widget-text-editor\" data-id=\"a4de7c4\" data-element_type=\"widget\" data-e-type=\"widget\" data-settings=\"{&quot;_animation&quot;:&quot;fadeIn&quot;,&quot;_animation_delay&quot;:6500,&quot;_position&quot;:&quot;absolute&quot;}\" data-widget_type=\"text-editor.default\">\n\t\t\t\t<div class=\"elementor-widget-container\">\n\t\t\t\t\t\t\t\t\t<h6>Impulse \u00fcbertragen Energie, sie sind richtungsweisend und setzen Prozesse in Gang. Genau das ist unser Anliegen.<\/h6><p>Mit der ifzw impulsstiftung m\u00f6chten wir Information, Kooperation und Entwicklung anbieten. Vor allem aber: Impulse geben f\u00fcr nachhaltige Ver\u00e4nderungen um aktiv und gemeinsam mit der Jugend eine fortschrittliche Gesellschaft zu erm\u00f6glichen.<\/p><p>dieter zahn<\/p><p>stifter<\/p>\t\t\t\t\t\t\t\t<\/div>\n\t\t\t\t<\/div>\n\t\t\t\t<div class=\"elementor-element elementor-element-1b10362 elementor-absolute elementor-widget elementor-widget-premium-addon-image-separator\" data-id=\"1b10362\" data-element_type=\"widget\" data-e-type=\"widget\" data-settings=\"{&quot;_animation&quot;:&quot;none&quot;,&quot;_position&quot;:&quot;absolute&quot;,&quot;_animation_delay&quot;:800}\" data-widget_type=\"premium-addon-image-separator.default\">\n\t\t\t\t<div class=\"elementor-widget-container\">\n\t\t\t\t\t<div class=\"dce-animations\">\n\t<div class=\"premium-image-separator-container\">\n\t\t<i class=\"premium-svg-nodraw premium-drawable-icon fas fa-circle\" aria-hidden=\"true\"><\/i>\t\t\n\t\t\t<\/div>\n\t\t<\/div>\t\t\t\t<\/div>\n\t\t\t\t<\/div>\n\t\t\t\t<div class=\"elementor-element elementor-element-0aa1fb7 animated-slow elementor-absolute dce_masking-none elementor-invisible elementor-widget elementor-widget-image\" data-id=\"0aa1fb7\" data-element_type=\"widget\" data-e-type=\"widget\" data-settings=\"{&quot;_animation&quot;:&quot;fadeIn&quot;,&quot;_animation_delay&quot;:2500,&quot;_position&quot;:&quot;absolute&quot;}\" data-no-translation=\"\" data-widget_type=\"image.default\">\n\t\t\t\t<div class=\"elementor-widget-container\">\n\t\t\t\t\t<style>.elementor-element-0aa1fb7{display:none !important}<\/style>\t\t\t\t<\/div>\n\t\t\t\t<\/div>\n\t\t\t\t<div class=\"elementor-element elementor-element-272e911 animated-slow elementor-absolute dce_masking-none elementor-invisible elementor-widget elementor-widget-image\" data-id=\"272e911\" data-element_type=\"widget\" data-e-type=\"widget\" data-settings=\"{&quot;_animation&quot;:&quot;fadeIn&quot;,&quot;_animation_delay&quot;:2500,&quot;_position&quot;:&quot;absolute&quot;}\" data-no-translation=\"\" data-widget_type=\"image.default\">\n\t\t\t\t<div class=\"elementor-widget-container\">\n\t\t\t\t\t\t\t\t\t\t\t\t\t\t\t<img decoding=\"async\" src=\"https:\/\/www.ifzw-impulsstiftung.de\/wp-content\/uploads\/elementor\/thumbs\/Intro-Text-Kreis-Weiss-EN-qohbbbk7nntvnak7ut1jnbr98pu4hfmsg4iak6weng.png\" title=\"Intro-Text-Kreis-Weiss-EN\" alt=\"Intro-Text-Kreis-Weiss-EN\" loading=\"lazy\" \/>\t\t\t\t\t\t\t\t\t\t\t\t\t\t\t<\/div>\n\t\t\t\t<\/div>\n\t\t\t\t<div class=\"elementor-element elementor-element-8a25f7c animated-slow elementor-widget elementor-widget-premium-addon-image-separator\" data-id=\"8a25f7c\" data-element_type=\"widget\" data-e-type=\"widget\" data-settings=\"{&quot;_animation&quot;:&quot;none&quot;,&quot;_animation_delay&quot;:0,&quot;_animation_mobile&quot;:&quot;fadeIn&quot;}\" data-no-translation=\"\" data-widget_type=\"premium-addon-image-separator.default\">\n\t\t\t\t<div class=\"elementor-widget-container\">\n\t\t\t\t\t<style>.elementor-element-8a25f7c{display:none !important}<\/style>\t\t\t\t<\/div>\n\t\t\t\t<\/div>\n\t\t\t\t<div class=\"elementor-element elementor-element-33eff0b animated-slow elementor-widget elementor-widget-premium-addon-image-separator\" data-id=\"33eff0b\" data-element_type=\"widget\" data-e-type=\"widget\" data-settings=\"{&quot;_animation&quot;:&quot;none&quot;,&quot;_animation_delay&quot;:0,&quot;_animation_mobile&quot;:&quot;fadeIn&quot;}\" data-no-translation=\"\" data-widget_type=\"premium-addon-image-separator.default\">\n\t\t\t\t<div class=\"elementor-widget-container\">\n\t\t\t\t\t\n\t<div class=\"premium-image-separator-container\">\n\t\t\t\t\t<img decoding=\"async\" src=\"https:\/\/www.ifzw-impulsstiftung.de\/wp-content\/uploads\/2021\/03\/Intro-Text.png\" alt=\"Intro-Text\">\n\t\t\t\n\t\t\t<\/div>\n\t\t\t\t\t\t<\/div>\n\t\t\t\t<\/div>\n\t\t\t\t\t<\/div>\n\t\t<\/div>\n\t\t\t\t\t<\/div>\n\t\t<\/section>\n\t\t\t\t<section class=\"has_eae_slider elementor-section elementor-top-section elementor-element elementor-element-cea84e7 elementor-section-height-full elementor-section-items-top elementor-hidden-phone elementor-hidden-desktop elementor-section-boxed elementor-section-height-default\" data-eae-slider=\"79094\" data-dce-background-overlay-color=\"#FCDD4900\" data-id=\"cea84e7\" data-element_type=\"section\" data-e-type=\"section\">\n\t\t\t\t\t\t\t<div class=\"elementor-background-overlay\"><\/div>\n\t\t\t\t\t\t\t<div class=\"elementor-container elementor-column-gap-default\">\n\t\t\t\t\t<div class=\"has_eae_slider elementor-column elementor-col-100 elementor-top-column elementor-element elementor-element-c732563\" data-eae-slider=\"98119\" data-id=\"c732563\" data-element_type=\"column\" data-e-type=\"column\">\n\t\t\t<div class=\"elementor-widget-wrap elementor-element-populated\">\n\t\t\t\t\t\t<div class=\"elementor-element elementor-element-0069761 dce_masking-none elementor-widget elementor-widget-image\" data-id=\"0069761\" data-element_type=\"widget\" data-e-type=\"widget\" data-widget_type=\"image.default\">\n\t\t\t\t<div class=\"elementor-widget-container\">\n\t\t\t\t\t<div class=\"dce-animations\">\t\t\t\t\t\t\t\t\t\t<img decoding=\"async\" src=\"https:\/\/www.ifzw-impulsstiftung.de\/wp-content\/uploads\/elementor\/thumbs\/Marke-Icon-qohbb5xaon3oz7xlz6lm90e3ut9sb41p7ehwu6h10w.png\" title=\"Marke-Icon\" alt=\"Marke-Icon\" loading=\"lazy\" \/>\t\t\t\t\t\t\t\t\t\t\t<\/div>\t\t\t\t<\/div>\n\t\t\t\t<\/div>\n\t\t\t\t<div class=\"elementor-element elementor-element-7b3cb77 animated-slow elementor-absolute elementor-invisible elementor-widget elementor-widget-premium-addon-image-separator\" data-id=\"7b3cb77\" data-element_type=\"widget\" data-e-type=\"widget\" data-settings=\"{&quot;_animation&quot;:&quot;fadeIn&quot;,&quot;_position&quot;:&quot;absolute&quot;,&quot;_animation_delay&quot;:10000}\" data-widget_type=\"premium-addon-image-separator.default\">\n\t\t\t\t<div class=\"elementor-widget-container\">\n\t\t\t\t\t\n\t<div class=\"premium-image-separator-container\">\n\t\t<i class=\"premium-svg-nodraw premium-drawable-icon fas fa-circle\" aria-hidden=\"true\"><\/i>\t\t\n\t\t\t<\/div>\n\t\t\t\t\t\t<\/div>\n\t\t\t\t<\/div>\n\t\t\t\t<div class=\"elementor-element elementor-element-abe403a animated-slow elementor-widget__width-initial elementor-absolute elementor-invisible elementor-widget elementor-widget-text-editor\" data-id=\"abe403a\" data-element_type=\"widget\" data-e-type=\"widget\" data-settings=\"{&quot;_animation&quot;:&quot;fadeIn&quot;,&quot;_animation_delay&quot;:12000,&quot;_position&quot;:&quot;absolute&quot;}\" data-widget_type=\"text-editor.default\">\n\t\t\t\t<div class=\"elementor-widget-container\">\n\t\t\t\t\t\t\t\t\t<h6>Impulse \u00fcbertragen Energie, sie sind richtungsweisend und setzen Prozesse in Gang. Genau das ist unser Anliegen.<\/h6><p>Mit der ifzw impulsstiftung m\u00f6chten wir Information, Kooperation und Entwicklung anbieten. Vor allem aber: Impulse geben f\u00fcr nachhaltige Ver\u00e4nderungen um aktiv und gemeinsam mit der Jugend eine fortschrittliche Gesellschaft zu erm\u00f6glichen.<\/p><p>dieter zahn<\/p><p>stifter<\/p>\t\t\t\t\t\t\t\t<\/div>\n\t\t\t\t<\/div>\n\t\t\t\t<div class=\"elementor-element elementor-element-84d3b0a animated-slow elementor-absolute dce_masking-none elementor-invisible elementor-widget elementor-widget-image\" data-id=\"84d3b0a\" data-element_type=\"widget\" data-e-type=\"widget\" data-settings=\"{&quot;_animation&quot;:&quot;fadeIn&quot;,&quot;_animation_delay&quot;:9000,&quot;_position&quot;:&quot;absolute&quot;}\" data-widget_type=\"image.default\">\n\t\t\t\t<div class=\"elementor-widget-container\">\n\t\t\t\t\t<style>.elementor-element-84d3b0a{display:none !important}<\/style>\t\t\t\t<\/div>\n\t\t\t\t<\/div>\n\t\t\t\t<div class=\"elementor-element elementor-element-aaa66d0 animated-slow elementor-absolute dce_masking-none elementor-invisible elementor-widget elementor-widget-image\" data-id=\"aaa66d0\" data-element_type=\"widget\" data-e-type=\"widget\" data-settings=\"{&quot;_animation&quot;:&quot;fadeIn&quot;,&quot;_animation_delay&quot;:9000,&quot;_position&quot;:&quot;absolute&quot;}\" data-no-translation=\"\" data-widget_type=\"image.default\">\n\t\t\t\t<div class=\"elementor-widget-container\">\n\t\t\t\t\t\t\t\t\t\t\t\t\t\t\t<img decoding=\"async\" src=\"https:\/\/www.ifzw-impulsstiftung.de\/wp-content\/uploads\/elementor\/thumbs\/Intro-Text-Kreis-Weiss-EN-qohbbbk7nntvnak7ut1jnbr98pu4hfmsg4iak6weng.png\" title=\"Intro-Text-Kreis-Weiss-EN\" alt=\"Intro-Text-Kreis-Weiss-EN\" loading=\"lazy\" \/>\t\t\t\t\t\t\t\t\t\t\t\t\t\t\t<\/div>\n\t\t\t\t<\/div>\n\t\t\t\t<div class=\"elementor-element elementor-element-0f84ce4 animated-slow elementor-absolute elementor-widget elementor-widget-premium-addon-image-separator\" data-id=\"0f84ce4\" data-element_type=\"widget\" data-e-type=\"widget\" data-settings=\"{&quot;_animation&quot;:&quot;none&quot;,&quot;_position&quot;:&quot;absolute&quot;,&quot;_animation_delay&quot;:10000}\" data-widget_type=\"premium-addon-image-separator.default\">\n\t\t\t\t<div class=\"elementor-widget-container\">\n\t\t\t\t\t<div class=\"dce-animations\">\n\t<div class=\"premium-image-separator-container\">\n\t\t<i class=\"premium-svg-nodraw premium-drawable-icon fas fa-circle\" aria-hidden=\"true\"><\/i>\t\t\n\t\t\t<\/div>\n\t\t<\/div>\t\t\t\t<\/div>\n\t\t\t\t<\/div>\n\t\t\t\t<div class=\"elementor-element elementor-element-432d93c animated-slow elementor-absolute elementor-widget elementor-widget-premium-addon-image-separator\" data-id=\"432d93c\" data-element_type=\"widget\" data-e-type=\"widget\" data-settings=\"{&quot;_animation&quot;:&quot;none&quot;,&quot;_position&quot;:&quot;absolute&quot;,&quot;_animation_delay&quot;:0}\" data-widget_type=\"premium-addon-image-separator.default\">\n\t\t\t\t<div class=\"elementor-widget-container\">\n\t\t\t\t\t<div class=\"dce-animations\">\n\t<div class=\"premium-image-separator-container\">\n\t\t<i class=\"premium-svg-nodraw premium-drawable-icon fas fa-circle\" aria-hidden=\"true\"><\/i>\t\t\n\t\t\t<\/div>\n\t\t<\/div>\t\t\t\t<\/div>\n\t\t\t\t<\/div>\n\t\t\t\t<div class=\"elementor-element elementor-element-978a9db elementor-absolute elementor-invisible elementor-widget elementor-widget-premium-addon-image-separator\" data-id=\"978a9db\" data-element_type=\"widget\" data-e-type=\"widget\" data-settings=\"{&quot;_animation&quot;:&quot;fadeIn&quot;,&quot;_animation_delay&quot;:6000,&quot;_position&quot;:&quot;absolute&quot;}\" data-no-translation=\"\" data-widget_type=\"premium-addon-image-separator.default\">\n\t\t\t\t<div class=\"elementor-widget-container\">\n\t\t\t\t\t<style>.elementor-element-978a9db{display:none !important}<\/style>\t\t\t\t<\/div>\n\t\t\t\t<\/div>\n\t\t\t\t<div class=\"elementor-element elementor-element-bd3770d elementor-absolute elementor-invisible elementor-widget elementor-widget-premium-addon-image-separator\" data-id=\"bd3770d\" data-element_type=\"widget\" data-e-type=\"widget\" data-settings=\"{&quot;_animation&quot;:&quot;fadeIn&quot;,&quot;_animation_delay&quot;:6000,&quot;_position&quot;:&quot;absolute&quot;}\" data-no-translation=\"\" data-widget_type=\"premium-addon-image-separator.default\">\n\t\t\t\t<div class=\"elementor-widget-container\">\n\t\t\t\t\t\n\t<div class=\"premium-image-separator-container\">\n\t\t\t\t\t<img decoding=\"async\" src=\"https:\/\/www.ifzw-impulsstiftung.de\/wp-content\/uploads\/2021\/04\/Intro-Text-EN.png\" alt=\"Intro-Text-EN\">\n\t\t\t\n\t\t\t<\/div>\n\t\t\t\t\t\t<\/div>\n\t\t\t\t<\/div>\n\t\t\t\t\t<\/div>\n\t\t<\/div>\n\t\t\t\t\t<\/div>\n\t\t<\/section>\n\t\t\t\t<\/div>\n\t\t","protected":false},"excerpt":{"rendered":"<p>Impulse \u00fcbertragen Energie, sie sind richtungsweisend und setzen Prozesse in Gang. Genau das ist unser Anliegen. Mit der ifzw impulsstiftung m\u00f6chten wir Information, Kooperation und Entwicklung anbieten. Vor allem aber: Impulse geben f\u00fcr nachhaltige Ver\u00e4nderungen um aktiv und gemeinsam mit der Jugend eine fortschrittliche Gesellschaft zu erm\u00f6glichen. dieter zahn stifter Impulse \u00fcbertragen Energie, sie sind [&hellip;]<\/p>\n","protected":false},"author":1,"featured_media":7699,"parent":0,"menu_order":0,"comment_status":"closed","ping_status":"closed","template":"","meta":{"footnotes":""},"class_list":["post-1274","page","type-page","status-publish","has-post-thumbnail","hentry"],"_links":{"self":[{"href":"https:\/\/www.ifzw-impulsstiftung.de\/en\/wp-json\/wp\/v2\/pages\/1274","targetHints":{"allow":["GET"]}}],"collection":[{"href":"https:\/\/www.ifzw-impulsstiftung.de\/en\/wp-json\/wp\/v2\/pages"}],"about":[{"href":"https:\/\/www.ifzw-impulsstiftung.de\/en\/wp-json\/wp\/v2\/types\/page"}],"author":[{"embeddable":true,"href":"https:\/\/www.ifzw-impulsstiftung.de\/en\/wp-json\/wp\/v2\/users\/1"}],"replies":[{"embeddable":true,"href":"https:\/\/www.ifzw-impulsstiftung.de\/en\/wp-json\/wp\/v2\/comments?post=1274"}],"version-history":[{"count":0,"href":"https:\/\/www.ifzw-impulsstiftung.de\/en\/wp-json\/wp\/v2\/pages\/1274\/revisions"}],"wp:featuredmedia":[{"embeddable":true,"href":"https:\/\/www.ifzw-impulsstiftung.de\/en\/wp-json\/wp\/v2\/media\/7699"}],"wp:attachment":[{"href":"https:\/\/www.ifzw-impulsstiftung.de\/en\/wp-json\/wp\/v2\/media?parent=1274"}],"curies":[{"name":"wp","href":"https:\/\/api.w.org\/{rel}","templated":true}]}}